{"id":26,"date":"2022-12-13T21:25:26","date_gmt":"2022-12-13T20:25:26","guid":{"rendered":"http:\/\/pppopoczno.pl\/?page_id=26"},"modified":"2024-12-15T22:31:42","modified_gmt":"2024-12-15T21:31:42","slug":"oferta-poradni","status":"publish","type":"page","link":"https:\/\/pppopoczno.pl\/?page_id=26","title":{"rendered":"OFERTA PORADNI"},"content":{"rendered":"<p><img fetchpriority=\"high\" decoding=\"async\" class=\"size-medium wp-image-118 aligncenter\" src=\"https:\/\/pppopoczno.pl\/wp-content\/uploads\/2023\/01\/PPP-logo-300x194.png\" alt=\"\" width=\"300\" height=\"194\" srcset=\"https:\/\/pppopoczno.pl\/wp-content\/uploads\/2023\/01\/PPP-logo-300x194.png 300w, https:\/\/pppopoczno.pl\/wp-content\/uploads\/2023\/01\/PPP-logo-1024x662.png 1024w, https:\/\/pppopoczno.pl\/wp-content\/uploads\/2023\/01\/PPP-logo-768x496.png 768w, https:\/\/pppopoczno.pl\/wp-content\/uploads\/2023\/01\/PPP-logo-1536x993.png 1536w, https:\/\/pppopoczno.pl\/wp-content\/uploads\/2023\/01\/PPP-logo-2048x1324.png 2048w, https:\/\/pppopoczno.pl\/wp-content\/uploads\/2023\/01\/PPP-logo-230x150.png 230w\" sizes=\"(max-width: 300px) 100vw, 300px\" \/><\/p>\n<p><strong>Poradnia Psychologiczno \u2013 Pedagogiczna w Opocznie<\/strong><\/p>\n<ol>\n<li>Armii Krajowej 2, 26-300 Opoczno<\/li>\n<\/ol>\n<p><strong>Poradnia Psychologiczno \u2013 Pedagogiczna \u2013 filia<br \/>\nw Drzewicy<\/strong><\/p>\n<ol>\n<li>Staszica 5, 26-340 Drzewica<\/li>\n<\/ol>\n<ul>\n<li>diagnoza i terapia psychologiczna;<\/li>\n<li>diagnoza i terapia pedagogiczna;<\/li>\n<li>diagnoza i terapia logopedyczna;<\/li>\n<li>trening umiej\u0119tno\u015bci spo\u0142ecznych;<\/li>\n<li>terapia biofeedback;<\/li>\n<li>terapia integracji sensorycznej;<\/li>\n<li>porady i konsultacje dla uczni\u00f3w, nauczycieli i rodzic\u00f3w;<\/li>\n<li>konsultacje rodzinne;<\/li>\n<li>terapia naurotaktylna;<\/li>\n<li>Trening Zast\u0119powania Agresji;<\/li>\n<li>terapia motoryki r\u0119ki, oka;<\/li>\n<li>doradztwo zawodowe;<\/li>\n<li>trening ortograficzny;<\/li>\n<li>zaj\u0119cia korekcyjno-kompensacyjne;<\/li>\n<li>terapia funkcji poznawczych metod\u0105 Feuersteina \u2013 Instrumental Enrichment;<\/li>\n<li>kinesiotaping w logopedii;<\/li>\n<li>diagnoza i terapia wy\u017cszych funkcji s\u0142uchowych \u2013 Neuroflow;<\/li>\n<li>elektrostymulacja jako metoda wspieraj\u0105ca terapi\u0119 logopedyczn\u0105;<\/li>\n<li>terapia logopedyczna z elementami metody krakowskiej;<\/li>\n<li>diagnoza i terapia metod\u0105 Warnkego.<\/li>\n<\/ul>\n","protected":false},"excerpt":{"rendered":"<p>Poradnia Psychologiczno \u2013 Pedagogiczna w Opocznie Armii Krajowej 2, 26-300 Opoczno Poradnia Psychologiczno \u2013 Pedagogiczna \u2013 filia w Drzewicy Staszica 5, 26-340 Drzewica diagnoza i terapia psychologiczna; diagnoza i terapia pedagogiczna; diagnoza i terapia logopedyczna; trening umiej\u0119tno\u015bci spo\u0142ecznych; terapia biofeedback; terapia integracji sensorycznej; porady i konsultacje dla uczni\u00f3w, nauczycieli i rodzic\u00f3w; konsultacje rodzinne; terapia naurotaktylna; [&hellip;]<\/p>\n","protected":false},"author":1,"featured_media":0,"parent":0,"menu_order":0,"comment_status":"closed","ping_status":"closed","template":"","meta":{"footnotes":""},"class_list":["post-26","page","type-page","status-publish","hentry"],"yoast_head":"<!-- This site is optimized with the Yoast SEO plugin v26.0 - https:\/\/yoast.com\/wordpress\/plugins\/seo\/ -->\n<title>OFERTA PORADNI - Poradnia Psychologiczno-Pedagogiczna w Opocznie z fili\u0105 w Drzewicy<\/title>\n<meta name=\"robots\" content=\"index, follow, max-snippet:-1, max-image-preview:large, max-video-preview:-1\" \/>\n<link rel=\"canonical\" href=\"https:\/\/pppopoczno.pl\/?page_id=26\" \/>\n<meta property=\"og:locale\" content=\"pl_PL\" \/>\n<meta property=\"og:type\" content=\"article\" \/>\n<meta property=\"og:title\" content=\"OFERTA PORADNI - Poradnia Psychologiczno-Pedagogiczna w Opocznie z fili\u0105 w Drzewicy\" \/>\n<meta property=\"og:description\" content=\"Poradnia Psychologiczno \u2013 Pedagogiczna w Opocznie Armii Krajowej 2, 26-300 Opoczno Poradnia Psychologiczno \u2013 Pedagogiczna \u2013 filia w Drzewicy Staszica 5, 26-340 Drzewica diagnoza i terapia psychologiczna; diagnoza i terapia pedagogiczna; diagnoza i terapia logopedyczna; trening umiej\u0119tno\u015bci spo\u0142ecznych; terapia biofeedback; terapia integracji sensorycznej; porady i konsultacje dla uczni\u00f3w, nauczycieli i rodzic\u00f3w; konsultacje rodzinne; terapia naurotaktylna; [&hellip;]\" \/>\n<meta property=\"og:url\" content=\"https:\/\/pppopoczno.pl\/?page_id=26\" \/>\n<meta property=\"og:site_name\" content=\"Poradnia Psychologiczno-Pedagogiczna w Opocznie z fili\u0105 w Drzewicy\" \/>\n<meta property=\"article:modified_time\" content=\"2024-12-15T21:31:42+00:00\" \/>\n<meta property=\"og:image\" content=\"http:\/\/pppopoczno.pl\/wp-content\/uploads\/2023\/01\/PPP-logo-300x194.png\" \/>\n<meta name=\"twitter:card\" content=\"summary_large_image\" \/>\n<meta name=\"twitter:label1\" content=\"Szacowany czas czytania\" \/>\n\t<meta name=\"twitter:data1\" content=\"1 minuta\" \/>\n<script type=\"application\/ld+json\" class=\"yoast-schema-graph\">{\"@context\":\"https:\/\/schema.org\",\"@graph\":[{\"@type\":\"WebPage\",\"@id\":\"https:\/\/pppopoczno.pl\/?page_id=26\",\"url\":\"https:\/\/pppopoczno.pl\/?page_id=26\",\"name\":\"OFERTA PORADNI - Poradnia Psychologiczno-Pedagogiczna w Opocznie z fili\u0105 w Drzewicy\",\"isPartOf\":{\"@id\":\"https:\/\/pppopoczno.pl\/#website\"},\"primaryImageOfPage\":{\"@id\":\"https:\/\/pppopoczno.pl\/?page_id=26#primaryimage\"},\"image\":{\"@id\":\"https:\/\/pppopoczno.pl\/?page_id=26#primaryimage\"},\"thumbnailUrl\":\"http:\/\/pppopoczno.pl\/wp-content\/uploads\/2023\/01\/PPP-logo-300x194.png\",\"datePublished\":\"2022-12-13T20:25:26+00:00\",\"dateModified\":\"2024-12-15T21:31:42+00:00\",\"inLanguage\":\"pl-PL\",\"potentialAction\":[{\"@type\":\"ReadAction\",\"target\":[\"https:\/\/pppopoczno.pl\/?page_id=26\"]}]},{\"@type\":\"ImageObject\",\"inLanguage\":\"pl-PL\",\"@id\":\"https:\/\/pppopoczno.pl\/?page_id=26#primaryimage\",\"url\":\"http:\/\/pppopoczno.pl\/wp-content\/uploads\/2023\/01\/PPP-logo-300x194.png\",\"contentUrl\":\"http:\/\/pppopoczno.pl\/wp-content\/uploads\/2023\/01\/PPP-logo-300x194.png\"},{\"@type\":\"WebSite\",\"@id\":\"https:\/\/pppopoczno.pl\/#website\",\"url\":\"https:\/\/pppopoczno.pl\/\",\"name\":\"Poradnia Psychologiczno-Pedagogiczna w Opocznie z fili\u0105 w Drzewicy\",\"description\":\"&quot;Cz\u0142owiek jest tyle wart, ile mo\u017ce da\u0107 drugiemu cz\u0142owiekowi&quot; \u2013 Jan Pawe\u0142 II\",\"publisher\":{\"@id\":\"https:\/\/pppopoczno.pl\/#organization\"},\"potentialAction\":[{\"@type\":\"SearchAction\",\"target\":{\"@type\":\"EntryPoint\",\"urlTemplate\":\"https:\/\/pppopoczno.pl\/?s={search_term_string}\"},\"query-input\":{\"@type\":\"PropertyValueSpecification\",\"valueRequired\":true,\"valueName\":\"search_term_string\"}}],\"inLanguage\":\"pl-PL\"},{\"@type\":\"Organization\",\"@id\":\"https:\/\/pppopoczno.pl\/#organization\",\"name\":\"Poradnia Psychologiczno-Pedagogiczna w Opocznie z fili\u0105 w Drzewicy\",\"url\":\"https:\/\/pppopoczno.pl\/\",\"logo\":{\"@type\":\"ImageObject\",\"inLanguage\":\"pl-PL\",\"@id\":\"https:\/\/pppopoczno.pl\/#\/schema\/logo\/image\/\",\"url\":\"\",\"contentUrl\":\"\",\"caption\":\"Poradnia Psychologiczno-Pedagogiczna w Opocznie z fili\u0105 w Drzewicy\"},\"image\":{\"@id\":\"https:\/\/pppopoczno.pl\/#\/schema\/logo\/image\/\"}}]}<\/script>\n<!-- \/ Yoast SEO plugin. -->","yoast_head_json":{"title":"OFERTA PORADNI - Poradnia Psychologiczno-Pedagogiczna w Opocznie z fili\u0105 w Drzewicy","robots":{"index":"index","follow":"follow","max-snippet":"max-snippet:-1","max-image-preview":"max-image-preview:large","max-video-preview":"max-video-preview:-1"},"canonical":"https:\/\/pppopoczno.pl\/?page_id=26","og_locale":"pl_PL","og_type":"article","og_title":"OFERTA PORADNI - Poradnia Psychologiczno-Pedagogiczna w Opocznie z fili\u0105 w Drzewicy","og_description":"Poradnia Psychologiczno \u2013 Pedagogiczna w Opocznie Armii Krajowej 2, 26-300 Opoczno Poradnia Psychologiczno \u2013 Pedagogiczna \u2013 filia w Drzewicy Staszica 5, 26-340 Drzewica diagnoza i terapia psychologiczna; diagnoza i terapia pedagogiczna; diagnoza i terapia logopedyczna; trening umiej\u0119tno\u015bci spo\u0142ecznych; terapia biofeedback; terapia integracji sensorycznej; porady i konsultacje dla uczni\u00f3w, nauczycieli i rodzic\u00f3w; konsultacje rodzinne; terapia naurotaktylna; [&hellip;]","og_url":"https:\/\/pppopoczno.pl\/?page_id=26","og_site_name":"Poradnia Psychologiczno-Pedagogiczna w Opocznie z fili\u0105 w Drzewicy","article_modified_time":"2024-12-15T21:31:42+00:00","og_image":[{"url":"http:\/\/pppopoczno.pl\/wp-content\/uploads\/2023\/01\/PPP-logo-300x194.png","type":"","width":"","height":""}],"twitter_card":"summary_large_image","twitter_misc":{"Szacowany czas czytania":"1 minuta"},"schema":{"@context":"https:\/\/schema.org","@graph":[{"@type":"WebPage","@id":"https:\/\/pppopoczno.pl\/?page_id=26","url":"https:\/\/pppopoczno.pl\/?page_id=26","name":"OFERTA PORADNI - Poradnia Psychologiczno-Pedagogiczna w Opocznie z fili\u0105 w Drzewicy","isPartOf":{"@id":"https:\/\/pppopoczno.pl\/#website"},"primaryImageOfPage":{"@id":"https:\/\/pppopoczno.pl\/?page_id=26#primaryimage"},"image":{"@id":"https:\/\/pppopoczno.pl\/?page_id=26#primaryimage"},"thumbnailUrl":"http:\/\/pppopoczno.pl\/wp-content\/uploads\/2023\/01\/PPP-logo-300x194.png","datePublished":"2022-12-13T20:25:26+00:00","dateModified":"2024-12-15T21:31:42+00:00","inLanguage":"pl-PL","potentialAction":[{"@type":"ReadAction","target":["https:\/\/pppopoczno.pl\/?page_id=26"]}]},{"@type":"ImageObject","inLanguage":"pl-PL","@id":"https:\/\/pppopoczno.pl\/?page_id=26#primaryimage","url":"http:\/\/pppopoczno.pl\/wp-content\/uploads\/2023\/01\/PPP-logo-300x194.png","contentUrl":"http:\/\/pppopoczno.pl\/wp-content\/uploads\/2023\/01\/PPP-logo-300x194.png"},{"@type":"WebSite","@id":"https:\/\/pppopoczno.pl\/#website","url":"https:\/\/pppopoczno.pl\/","name":"Poradnia Psychologiczno-Pedagogiczna w Opocznie z fili\u0105 w Drzewicy","description":"&quot;Cz\u0142owiek jest tyle wart, ile mo\u017ce da\u0107 drugiemu cz\u0142owiekowi&quot; \u2013 Jan Pawe\u0142 II","publisher":{"@id":"https:\/\/pppopoczno.pl\/#organization"},"potentialAction":[{"@type":"SearchAction","target":{"@type":"EntryPoint","urlTemplate":"https:\/\/pppopoczno.pl\/?s={search_term_string}"},"query-input":{"@type":"PropertyValueSpecification","valueRequired":true,"valueName":"search_term_string"}}],"inLanguage":"pl-PL"},{"@type":"Organization","@id":"https:\/\/pppopoczno.pl\/#organization","name":"Poradnia Psychologiczno-Pedagogiczna w Opocznie z fili\u0105 w Drzewicy","url":"https:\/\/pppopoczno.pl\/","logo":{"@type":"ImageObject","inLanguage":"pl-PL","@id":"https:\/\/pppopoczno.pl\/#\/schema\/logo\/image\/","url":"","contentUrl":"","caption":"Poradnia Psychologiczno-Pedagogiczna w Opocznie z fili\u0105 w Drzewicy"},"image":{"@id":"https:\/\/pppopoczno.pl\/#\/schema\/logo\/image\/"}}]}},"_links":{"self":[{"href":"https:\/\/pppopoczno.pl\/index.php?rest_route=\/wp\/v2\/pages\/26","targetHints":{"allow":["GET"]}}],"collection":[{"href":"https:\/\/pppopoczno.pl\/index.php?rest_route=\/wp\/v2\/pages"}],"about":[{"href":"https:\/\/pppopoczno.pl\/index.php?rest_route=\/wp\/v2\/types\/page"}],"author":[{"embeddable":true,"href":"https:\/\/pppopoczno.pl\/index.php?rest_route=\/wp\/v2\/users\/1"}],"replies":[{"embeddable":true,"href":"https:\/\/pppopoczno.pl\/index.php?rest_route=%2Fwp%2Fv2%2Fcomments&post=26"}],"version-history":[{"count":7,"href":"https:\/\/pppopoczno.pl\/index.php?rest_route=\/wp\/v2\/pages\/26\/revisions"}],"predecessor-version":[{"id":902,"href":"https:\/\/pppopoczno.pl\/index.php?rest_route=\/wp\/v2\/pages\/26\/revisions\/902"}],"wp:attachment":[{"href":"https:\/\/pppopoczno.pl\/index.php?rest_route=%2Fwp%2Fv2%2Fmedia&parent=26"}],"curies":[{"name":"wp","href":"https:\/\/api.w.org\/{rel}","templated":true}]}}