{"id":21,"date":"2022-12-13T21:22:24","date_gmt":"2022-12-13T20:22:24","guid":{"rendered":"http:\/\/pppopoczno.pl\/?page_id=21"},"modified":"2026-04-10T10:46:48","modified_gmt":"2026-04-10T08:46:48","slug":"kadra-poradni-2","status":"publish","type":"page","link":"https:\/\/pppopoczno.pl\/?page_id=21","title":{"rendered":"KADRA PORADNI"},"content":{"rendered":"<p><strong>KADRA PORADNI PSYCHOLOGICZNO-PEDAGOGICZNEJ<\/strong><\/p>\n<p><strong>Opoczno:<\/strong><\/p>\n<p>mgr Anna Reszka \u2013 dyrektor poradni, psycholog\u00a0 <a href=\"mailto:a.reszka@pppopoczno.pl\">a.reszka@pppopoczno.pl<\/a><\/p>\n<p>mgr Katarzyna Banasik \u00a0\u2013 pedagog\u00a0 <a href=\"mailto:k.banasik@pppopoczno.pl\">k.banasik@pppopoczno.pl<\/a><\/p>\n<p>mgr Anna Borowiecka \u2013 pedagog \u00a0<a href=\"mailto:a.borowiecka@pppopoczno.pl\">a.borowiecka@pppopoczno.pl<\/a><\/p>\n<p>mgr Renata Jach \u00a0\u2013 psycholog\u00a0 <a href=\"mailto:r.jach@pppopoczno.pl\">r.jach@pppopoczno.pl<\/a><\/p>\n<p>mgr Aleksandra Pajchert \u2013 logopeda\u00a0 <a href=\"mailto:a.kopytowska@pppopoczno.pl\">a.kopytowska@pppopoczno.pl<\/a><\/p>\n<p>mgr Iwona Kresa\u00a0 \u2013 logopeda\u00a0 <a href=\"mailto:i.kresa@pppopoczno.pl\">i.kresa@pppopoczno.pl<\/a><\/p>\n<p>mgr Halina Kucharska \u2013\u00a0 pedagog <a href=\"mailto:h.kucharska@pppopoczno.pl\">h.kucharska@pppopoczno.pl<\/a><\/p>\n<p>mgr Kaja Kurkowska-Pacan \u2013 psycholog <a href=\"mailto:k.kurkowska@pppopoczno.pl\">k.kurkowska@pppopoczno.pl<\/a><\/p>\n<p>mgr Agnieszka Nojek\u2013 logopeda <a href=\"mailto:a.nojek@pppopoczno.pl\">a.nojek@pppopoczno.pl<\/a><\/p>\n<p>mgr Patrycja Ol\u0119dzka \u2013 psycholog <a href=\"mailto:p.oledzka@pppopoczno.pl\">p.oledzka@pppopoczno.pl<\/a><\/p>\n<p>mgr Kamil Palak \u2013 psycholog <a href=\"mailto:k.palak@pppopoczno.pl\">k.palak@pppopoczno.pl<\/a><\/p>\n<p>mgr Dagmara Staniszewska-Telus\u2013 pedagog <a href=\"mailto:d.staniszewskatelus@pppopoczno.pl\">d.staniszewskatelus@pppopoczno.pl<\/a><\/p>\n<p>mgr Monika Szwagrzyk \u2013 pedagog <a href=\"mailto:m.szwagrzyk@pppopoczno.pl\">m.szwagrzyk@pppopoczno.pl<\/a><\/p>\n<p>mgr Anna Dziurzy\u0144ska \u2013 logopeda <a href=\"mailto:a.dziurzynska@pppopoczno.pl\">a.dziurzynska@pppopoczno.pl<\/a><\/p>\n<p>mgr Klaudia Piekarska \u2013 psycholog <a href=\"mailto:k.piekarska@pppopoczno.pl\">k.piekarska@pppopoczno.pl<\/a><\/p>\n<p>mgr Katarzyna Gaw\u0119da &#8211; logopeda <a href=\"mailto:k.gaweda@pppopoczno.pl\">k.gaweda@pppopoczno.pl <\/a><\/p>\n<p>mgr Weronika Telus &#8211; psycholog <a href=\"mailto:w.telus@pppopoczno.pl\">w.telus@pppopoczno.pl <\/a><\/p>\n<p><strong>Drzewica:<\/strong><\/p>\n<p>mgr Alina Minkina \u2013\u00a0 kierownik filii, logopeda <a href=\"mailto:a.minkina@pppopoczno.pl\">a.minkina@pppopoczno.pl<\/a><\/p>\n<p>mgr Karolina Marecka \u2013\u00a0 psycholog <a href=\"mailto:k.marecka@pppopoczno.pl\">k.marecka@pppopoczno.pl<\/a><\/p>\n<p>mgr Urszula Kudyba \u2013 pedagog <a href=\"mailto:u.kudyba@pppopoczno.pl\">u.kudyba@pppopoczno.pl<\/a><\/p>\n<p>mgr Monika Madej \u2013 psycholog <a href=\"mailto:m.madej@pppopoczno.pl\">m.madej@pppopoczno.pl<\/a><\/p>\n<p>mgr Agnieszka Mrowi\u0144ska \u2013 pedagog <a href=\"mailto:a.mrowinska@pppopoczno.pl\">a.mrowinska@pppopoczno.pl<\/a><\/p>\n<p>&nbsp;<\/p>\n<p><strong>Pracownicy administracji i obs\u0142ugi:<\/strong><\/p>\n<p><strong>Opoczno:<\/strong><\/p>\n<p>mgr Ewelina Garczyk \u2013 g\u0142\u00f3wny ksi\u0119gowy <a href=\"ksiegowosc@pppopoczno.pl\">ksiegowosc@pppopoczno.pl<\/a><\/p>\n<p>mgr Marianna Gruszczy\u0144ska\u2013 starszy specjalista d\/s p\u0142ac i kadr<\/p>\n<p>mgr Sylwia Pacan \u2013 starszy referent<\/p>\n<p>mgr Daria Snochowska \u2013 starszy referent<\/p>\n<p>Kinga Pancer &#8211; pomoc administracyjna<\/p>\n<p>&nbsp;<\/p>\n<p><strong>Drzewica:<\/strong><\/p>\n<p>mgr Ewa Wo\u017aniak\u2013 starszy specjalista d\/s administracji<\/p>\n<p>p. Anna Micha\u0142owicz \u2013 pracownik obs\u0142ugi<\/p>\n<style type=\"text\/css\">\n\t#foogallery-gallery-616 .fg-image {\n        width: 150px;\n    }\n<\/style>\n\t\t\t\t<div class=\"foogallery foogallery-container foogallery-default foogallery-lightbox-foogallery fg-gutter-10 fg-center fg-default fg-light fg-border-thin fg-shadow-outline fg-loading-default fg-loaded-fade-in fg-caption-hover fg-hover-fade fg-hover-zoom fg-ready\" id=\"foogallery-gallery-616\" data-foogallery=\"{&quot;item&quot;:{&quot;showCaptionTitle&quot;:true,&quot;showCaptionDescription&quot;:true},&quot;lazy&quot;:true}\" data-foogallery-lightbox=\"{&quot;thumbs&quot;:&quot;bottom&quot;,&quot;thumbsCaptions&quot;:false,&quot;thumbsBestFit&quot;:false,&quot;thumbsSmall&quot;:false,&quot;thumbsCaptionsAlign&quot;:&quot;default&quot;,&quot;info&quot;:&quot;bottom&quot;,&quot;infoVisible&quot;:true,&quot;infoOverlay&quot;:true,&quot;infoAlign&quot;:&quot;default&quot;,&quot;transition&quot;:&quot;fade&quot;,&quot;hoverButtons&quot;:false,&quot;fitMedia&quot;:false,&quot;noScrollbars&quot;:true,&quot;preserveButtonSpace&quot;:true,&quot;buttons&quot;:{&quot;fullscreen&quot;:true,&quot;info&quot;:true,&quot;thumbs&quot;:false},&quot;video&quot;:{&quot;autoPlay&quot;:true}}\" >\n\t<div class=\"fg-item fg-type-image fg-idle\"><figure class=\"fg-item-inner\"><a href=\"https:\/\/pppopoczno.pl\/wp-content\/uploads\/2024\/02\/Kadra-Poradni-Psychologiczno-Pedagogicznej-w-Opocznie-i-filii-w-Drzewicy-scaled.jpg\" data-caption-desc=\"Kadra Poradni Psychologiczno-Pedagogicznej w Opocznie i filii w Drzewicy\" data-attachment-id=\"612\" data-e-disable-page-transition=\"true\" data-type=\"image\" class=\"fg-thumb\"><span class=\"fg-image-wrap\"><img decoding=\"async\" alt=\"Kadra Poradni Psychologiczno-Pedagogicznej w Opocznie i filii w Drzewicy\" width=\"150\" height=\"150\" class=\"skip-lazy fg-image\" data-src-fg=\"https:\/\/pppopoczno.pl\/wp-content\/uploads\/cache\/2024\/02\/Kadra-Poradni-Psychologiczno-Pedagogicznej-w-Opocznie-i-filii-w-Drzewicy-scaled\/3182741800.jpg\" src=\"data:image\/svg+xml,%3Csvg%20xmlns%3D%22http%3A%2F%2Fwww.w3.org%2F2000%2Fsvg%22%20width%3D%22150%22%20height%3D%22150%22%20viewBox%3D%220%200%20150%20150%22%3E%3C%2Fsvg%3E\" loading=\"eager\"><\/span><span class=\"fg-image-overlay\"><\/span><\/a><figcaption class=\"fg-caption\"><div class=\"fg-caption-inner\"><div class=\"fg-caption-desc\">Kadra Poradni Psychologiczno-Pedagogicznej w Opocznie i filii w Drzewicy<\/div><\/div><\/figcaption><\/figure><div class=\"fg-loader\"><\/div><\/div><div class=\"fg-item fg-type-image fg-idle\"><figure class=\"fg-item-inner\"><a href=\"https:\/\/pppopoczno.pl\/wp-content\/uploads\/2024\/02\/Logopedzi-pracujacy-w-Poradni-Psychologiczno-Pedagogicznej-w-Opocznie-i-filii-w-Drzewicy-scaled.jpg\" data-caption-desc=\"Logopedzi pracuj\u0105cy w Poradni Psychologiczno-Pedagogicznej w Opocznie i filii w Drzewicy\" data-attachment-id=\"613\" data-e-disable-page-transition=\"true\" data-type=\"image\" class=\"fg-thumb\"><span class=\"fg-image-wrap\"><img decoding=\"async\" alt=\"Logopedzi pracuj\u0105cy w Poradni Psychologiczno-Pedagogicznej w Opocznie i filii w Drzewicy\" width=\"150\" height=\"150\" class=\"skip-lazy fg-image\" data-src-fg=\"https:\/\/pppopoczno.pl\/wp-content\/uploads\/cache\/2024\/02\/Logopedzi-pracujacy-w-Poradni-Psychologiczno-Pedagogicznej-w-Opocznie-i-filii-w-Drzewicy-scaled\/1116246277.jpg\" src=\"data:image\/svg+xml,%3Csvg%20xmlns%3D%22http%3A%2F%2Fwww.w3.org%2F2000%2Fsvg%22%20width%3D%22150%22%20height%3D%22150%22%20viewBox%3D%220%200%20150%20150%22%3E%3C%2Fsvg%3E\" loading=\"eager\"><\/span><span class=\"fg-image-overlay\"><\/span><\/a><figcaption class=\"fg-caption\"><div class=\"fg-caption-inner\"><div class=\"fg-caption-desc\">Logopedzi pracuj\u0105cy w Poradni Psychologiczno-Pedagogicznej w Opocznie i filii w Drzewicy<\/div><\/div><\/figcaption><\/figure><div class=\"fg-loader\"><\/div><\/div><div class=\"fg-item fg-type-image fg-idle\"><figure class=\"fg-item-inner\"><a href=\"https:\/\/pppopoczno.pl\/wp-content\/uploads\/2024\/02\/Pedagodzy-pracujacy-w-Poradni-Psychologiczno-Pedagogicznej-w-Opocznie-i-filii-w-Drzewicy-scaled.jpg\" data-caption-desc=\"Pedagodzy pracuj\u0105cy w Poradni Psychologiczno-Pedagogicznej w Opocznie i filii w Drzewicy\" data-attachment-id=\"614\" data-e-disable-page-transition=\"true\" data-type=\"image\" class=\"fg-thumb\"><span class=\"fg-image-wrap\"><img decoding=\"async\" alt=\"Pedagodzy pracuj\u0105cy w Poradni Psychologiczno-Pedagogicznej w Opocznie i filii w Drzewicy\" width=\"150\" height=\"150\" class=\"skip-lazy fg-image\" data-src-fg=\"https:\/\/pppopoczno.pl\/wp-content\/uploads\/cache\/2024\/02\/Pedagodzy-pracujacy-w-Poradni-Psychologiczno-Pedagogicznej-w-Opocznie-i-filii-w-Drzewicy-scaled\/4078000322.jpg\" src=\"data:image\/svg+xml,%3Csvg%20xmlns%3D%22http%3A%2F%2Fwww.w3.org%2F2000%2Fsvg%22%20width%3D%22150%22%20height%3D%22150%22%20viewBox%3D%220%200%20150%20150%22%3E%3C%2Fsvg%3E\" loading=\"eager\"><\/span><span class=\"fg-image-overlay\"><\/span><\/a><figcaption class=\"fg-caption\"><div class=\"fg-caption-inner\"><div class=\"fg-caption-desc\">Pedagodzy pracuj\u0105cy w Poradni Psychologiczno-Pedagogicznej w Opocznie i filii w Drzewicy<\/div><\/div><\/figcaption><\/figure><div class=\"fg-loader\"><\/div><\/div><div class=\"fg-item fg-type-image fg-idle\"><figure class=\"fg-item-inner\"><a href=\"https:\/\/pppopoczno.pl\/wp-content\/uploads\/2024\/02\/Pracownicy-administracji-i-obslugi-Poradni-Psychologiczno-Pedagogicznej-w-Opocznie-i-filii-w-Drzewicy-scaled.jpg\" data-caption-desc=\"Pracownicy administracji i obs\u0142ugi Poradni Psychologiczno-Pedagogicznej w Opocznie i filii w Drzewicy\" data-attachment-id=\"615\" data-e-disable-page-transition=\"true\" data-type=\"image\" class=\"fg-thumb\"><span class=\"fg-image-wrap\"><img decoding=\"async\" alt=\"Pracownicy administracji i obs\u0142ugi Poradni Psychologiczno-Pedagogicznej w Opocznie i filii w Drzewicy\" width=\"150\" height=\"150\" class=\"skip-lazy fg-image\" data-src-fg=\"https:\/\/pppopoczno.pl\/wp-content\/uploads\/cache\/2024\/02\/Pracownicy-administracji-i-obslugi-Poradni-Psychologiczno-Pedagogicznej-w-Opocznie-i-filii-w-Drzewicy-scaled\/3874269361.jpg\" src=\"data:image\/svg+xml,%3Csvg%20xmlns%3D%22http%3A%2F%2Fwww.w3.org%2F2000%2Fsvg%22%20width%3D%22150%22%20height%3D%22150%22%20viewBox%3D%220%200%20150%20150%22%3E%3C%2Fsvg%3E\" loading=\"eager\"><\/span><span class=\"fg-image-overlay\"><\/span><\/a><figcaption class=\"fg-caption\"><div class=\"fg-caption-inner\"><div class=\"fg-caption-desc\">Pracownicy administracji i obs\u0142ugi Poradni Psychologiczno-Pedagogicznej w Opocznie i filii w Drzewicy<\/div><\/div><\/figcaption><\/figure><div class=\"fg-loader\"><\/div><\/div><div class=\"fg-item fg-type-image fg-idle\"><figure class=\"fg-item-inner\"><a href=\"https:\/\/pppopoczno.pl\/wp-content\/uploads\/2024\/02\/Psycholodzy-Poradni-Psychologiczno-Pedagogicznej-w-Opocznie-i-filii-w-Drzewicy.jpg\" data-caption-desc=\"Psycholodzy Poradni Psychologiczno-Pedagogicznej w Opocznie i filii w Drzewicy\" data-attachment-id=\"627\" data-e-disable-page-transition=\"true\" data-type=\"image\" class=\"fg-thumb\"><span class=\"fg-image-wrap\"><img decoding=\"async\" alt=\"Psycholodzy Poradni Psychologiczno-Pedagogicznej w Opocznie i filii w Drzewicy\" width=\"150\" height=\"150\" class=\"skip-lazy fg-image\" data-src-fg=\"https:\/\/pppopoczno.pl\/wp-content\/uploads\/cache\/2024\/02\/Psycholodzy-Poradni-Psychologiczno-Pedagogicznej-w-Opocznie-i-filii-w-Drzewicy\/4229985438.jpg\" src=\"data:image\/svg+xml,%3Csvg%20xmlns%3D%22http%3A%2F%2Fwww.w3.org%2F2000%2Fsvg%22%20width%3D%22150%22%20height%3D%22150%22%20viewBox%3D%220%200%20150%20150%22%3E%3C%2Fsvg%3E\" loading=\"eager\"><\/span><span class=\"fg-image-overlay\"><\/span><\/a><figcaption class=\"fg-caption\"><div class=\"fg-caption-inner\"><div class=\"fg-caption-desc\">Psycholodzy Poradni Psychologiczno-Pedagogicznej w Opocznie i filii w Drzewicy<\/div><\/div><\/figcaption><\/figure><div class=\"fg-loader\"><\/div><\/div><\/div>\n\n<p style=\"text-align: center;\"><strong>Opis zdj\u0119\u0107:<\/strong> Zdj\u0119cia przedstawiaj\u0105ce kadr\u0119 Poradni Psychologiczno-Pedagogicznej w Opocznie i filii w Drzewicy \u2013 (\u017ar\u00f3d\u0142o: PPP w Opocznie)<\/p>\n","protected":false},"excerpt":{"rendered":"<p>KADRA PORADNI PSYCHOLOGICZNO-PEDAGOGICZNEJ Opoczno: mgr Anna Reszka \u2013 dyrektor poradni, psycholog\u00a0 a.reszka@pppopoczno.pl mgr Katarzyna Banasik \u00a0\u2013 pedagog\u00a0 k.banasik@pppopoczno.pl mgr Anna Borowiecka \u2013 pedagog \u00a0a.borowiecka@pppopoczno.pl mgr Renata Jach \u00a0\u2013 psycholog\u00a0 r.jach@pppopoczno.pl mgr Aleksandra Pajchert \u2013 logopeda\u00a0 a.kopytowska@pppopoczno.pl mgr Iwona Kresa\u00a0 \u2013 logopeda\u00a0 i.kresa@pppopoczno.pl mgr Halina Kucharska \u2013\u00a0 pedagog h.kucharska@pppopoczno.pl mgr Kaja Kurkowska-Pacan \u2013 psycholog k.kurkowska@pppopoczno.pl mgr [&hellip;]<\/p>\n","protected":false},"author":1,"featured_media":0,"parent":17,"menu_order":0,"comment_status":"closed","ping_status":"closed","template":"","meta":{"footnotes":""},"class_list":["post-21","page","type-page","status-publish","hentry"],"yoast_head":"<!-- This site is optimized with the Yoast SEO plugin v26.0 - https:\/\/yoast.com\/wordpress\/plugins\/seo\/ -->\n<title>KADRA PORADNI - Poradnia Psychologiczno-Pedagogiczna w Opocznie z fili\u0105 w Drzewicy<\/title>\n<meta name=\"robots\" content=\"index, follow, max-snippet:-1, max-image-preview:large, max-video-preview:-1\" \/>\n<link rel=\"canonical\" href=\"https:\/\/pppopoczno.pl\/?page_id=21\" \/>\n<meta property=\"og:locale\" content=\"pl_PL\" \/>\n<meta property=\"og:type\" content=\"article\" \/>\n<meta property=\"og:title\" content=\"KADRA PORADNI - Poradnia Psychologiczno-Pedagogiczna w Opocznie z fili\u0105 w Drzewicy\" \/>\n<meta property=\"og:description\" content=\"KADRA PORADNI PSYCHOLOGICZNO-PEDAGOGICZNEJ Opoczno: mgr Anna Reszka \u2013 dyrektor poradni, psycholog\u00a0 a.reszka@pppopoczno.pl mgr Katarzyna Banasik \u00a0\u2013 pedagog\u00a0 k.banasik@pppopoczno.pl mgr Anna Borowiecka \u2013 pedagog \u00a0a.borowiecka@pppopoczno.pl mgr Renata Jach \u00a0\u2013 psycholog\u00a0 r.jach@pppopoczno.pl mgr Aleksandra Pajchert \u2013 logopeda\u00a0 a.kopytowska@pppopoczno.pl mgr Iwona Kresa\u00a0 \u2013 logopeda\u00a0 i.kresa@pppopoczno.pl mgr Halina Kucharska \u2013\u00a0 pedagog h.kucharska@pppopoczno.pl mgr Kaja Kurkowska-Pacan \u2013 psycholog k.kurkowska@pppopoczno.pl mgr [&hellip;]\" \/>\n<meta property=\"og:url\" content=\"https:\/\/pppopoczno.pl\/?page_id=21\" \/>\n<meta property=\"og:site_name\" content=\"Poradnia Psychologiczno-Pedagogiczna w Opocznie z fili\u0105 w Drzewicy\" \/>\n<meta property=\"article:modified_time\" content=\"2026-04-10T08:46:48+00:00\" \/>\n<meta name=\"twitter:card\" content=\"summary_large_image\" \/>\n<meta name=\"twitter:label1\" content=\"Szacowany czas czytania\" \/>\n\t<meta name=\"twitter:data1\" content=\"2 minuty\" \/>\n<script type=\"application\/ld+json\" class=\"yoast-schema-graph\">{\"@context\":\"https:\/\/schema.org\",\"@graph\":[{\"@type\":\"WebPage\",\"@id\":\"https:\/\/pppopoczno.pl\/?page_id=21\",\"url\":\"https:\/\/pppopoczno.pl\/?page_id=21\",\"name\":\"KADRA PORADNI - Poradnia Psychologiczno-Pedagogiczna w Opocznie z fili\u0105 w Drzewicy\",\"isPartOf\":{\"@id\":\"https:\/\/pppopoczno.pl\/#website\"},\"datePublished\":\"2022-12-13T20:22:24+00:00\",\"dateModified\":\"2026-04-10T08:46:48+00:00\",\"breadcrumb\":{\"@id\":\"https:\/\/pppopoczno.pl\/?page_id=21#breadcrumb\"},\"inLanguage\":\"pl-PL\",\"potentialAction\":[{\"@type\":\"ReadAction\",\"target\":[\"https:\/\/pppopoczno.pl\/?page_id=21\"]}]},{\"@type\":\"BreadcrumbList\",\"@id\":\"https:\/\/pppopoczno.pl\/?page_id=21#breadcrumb\",\"itemListElement\":[{\"@type\":\"ListItem\",\"position\":1,\"name\":\"O PORADNI\",\"item\":\"https:\/\/pppopoczno.pl\/?page_id=17\"},{\"@type\":\"ListItem\",\"position\":2,\"name\":\"KADRA PORADNI\"}]},{\"@type\":\"WebSite\",\"@id\":\"https:\/\/pppopoczno.pl\/#website\",\"url\":\"https:\/\/pppopoczno.pl\/\",\"name\":\"Poradnia Psychologiczno-Pedagogiczna w Opocznie z fili\u0105 w Drzewicy\",\"description\":\"&quot;Cz\u0142owiek jest tyle wart, ile mo\u017ce da\u0107 drugiemu cz\u0142owiekowi&quot; \u2013 Jan Pawe\u0142 II\",\"publisher\":{\"@id\":\"https:\/\/pppopoczno.pl\/#organization\"},\"potentialAction\":[{\"@type\":\"SearchAction\",\"target\":{\"@type\":\"EntryPoint\",\"urlTemplate\":\"https:\/\/pppopoczno.pl\/?s={search_term_string}\"},\"query-input\":{\"@type\":\"PropertyValueSpecification\",\"valueRequired\":true,\"valueName\":\"search_term_string\"}}],\"inLanguage\":\"pl-PL\"},{\"@type\":\"Organization\",\"@id\":\"https:\/\/pppopoczno.pl\/#organization\",\"name\":\"Poradnia Psychologiczno-Pedagogiczna w Opocznie z fili\u0105 w Drzewicy\",\"url\":\"https:\/\/pppopoczno.pl\/\",\"logo\":{\"@type\":\"ImageObject\",\"inLanguage\":\"pl-PL\",\"@id\":\"https:\/\/pppopoczno.pl\/#\/schema\/logo\/image\/\",\"url\":\"\",\"contentUrl\":\"\",\"caption\":\"Poradnia Psychologiczno-Pedagogiczna w Opocznie z fili\u0105 w Drzewicy\"},\"image\":{\"@id\":\"https:\/\/pppopoczno.pl\/#\/schema\/logo\/image\/\"}}]}<\/script>\n<!-- \/ Yoast SEO plugin. -->","yoast_head_json":{"title":"KADRA PORADNI - Poradnia Psychologiczno-Pedagogiczna w Opocznie z fili\u0105 w Drzewicy","robots":{"index":"index","follow":"follow","max-snippet":"max-snippet:-1","max-image-preview":"max-image-preview:large","max-video-preview":"max-video-preview:-1"},"canonical":"https:\/\/pppopoczno.pl\/?page_id=21","og_locale":"pl_PL","og_type":"article","og_title":"KADRA PORADNI - Poradnia Psychologiczno-Pedagogiczna w Opocznie z fili\u0105 w Drzewicy","og_description":"KADRA PORADNI PSYCHOLOGICZNO-PEDAGOGICZNEJ Opoczno: mgr Anna Reszka \u2013 dyrektor poradni, psycholog\u00a0 a.reszka@pppopoczno.pl mgr Katarzyna Banasik \u00a0\u2013 pedagog\u00a0 k.banasik@pppopoczno.pl mgr Anna Borowiecka \u2013 pedagog \u00a0a.borowiecka@pppopoczno.pl mgr Renata Jach \u00a0\u2013 psycholog\u00a0 r.jach@pppopoczno.pl mgr Aleksandra Pajchert \u2013 logopeda\u00a0 a.kopytowska@pppopoczno.pl mgr Iwona Kresa\u00a0 \u2013 logopeda\u00a0 i.kresa@pppopoczno.pl mgr Halina Kucharska \u2013\u00a0 pedagog h.kucharska@pppopoczno.pl mgr Kaja Kurkowska-Pacan \u2013 psycholog k.kurkowska@pppopoczno.pl mgr [&hellip;]","og_url":"https:\/\/pppopoczno.pl\/?page_id=21","og_site_name":"Poradnia Psychologiczno-Pedagogiczna w Opocznie z fili\u0105 w Drzewicy","article_modified_time":"2026-04-10T08:46:48+00:00","twitter_card":"summary_large_image","twitter_misc":{"Szacowany czas czytania":"2 minuty"},"schema":{"@context":"https:\/\/schema.org","@graph":[{"@type":"WebPage","@id":"https:\/\/pppopoczno.pl\/?page_id=21","url":"https:\/\/pppopoczno.pl\/?page_id=21","name":"KADRA PORADNI - Poradnia Psychologiczno-Pedagogiczna w Opocznie z fili\u0105 w Drzewicy","isPartOf":{"@id":"https:\/\/pppopoczno.pl\/#website"},"datePublished":"2022-12-13T20:22:24+00:00","dateModified":"2026-04-10T08:46:48+00:00","breadcrumb":{"@id":"https:\/\/pppopoczno.pl\/?page_id=21#breadcrumb"},"inLanguage":"pl-PL","potentialAction":[{"@type":"ReadAction","target":["https:\/\/pppopoczno.pl\/?page_id=21"]}]},{"@type":"BreadcrumbList","@id":"https:\/\/pppopoczno.pl\/?page_id=21#breadcrumb","itemListElement":[{"@type":"ListItem","position":1,"name":"O PORADNI","item":"https:\/\/pppopoczno.pl\/?page_id=17"},{"@type":"ListItem","position":2,"name":"KADRA PORADNI"}]},{"@type":"WebSite","@id":"https:\/\/pppopoczno.pl\/#website","url":"https:\/\/pppopoczno.pl\/","name":"Poradnia Psychologiczno-Pedagogiczna w Opocznie z fili\u0105 w Drzewicy","description":"&quot;Cz\u0142owiek jest tyle wart, ile mo\u017ce da\u0107 drugiemu cz\u0142owiekowi&quot; \u2013 Jan Pawe\u0142 II","publisher":{"@id":"https:\/\/pppopoczno.pl\/#organization"},"potentialAction":[{"@type":"SearchAction","target":{"@type":"EntryPoint","urlTemplate":"https:\/\/pppopoczno.pl\/?s={search_term_string}"},"query-input":{"@type":"PropertyValueSpecification","valueRequired":true,"valueName":"search_term_string"}}],"inLanguage":"pl-PL"},{"@type":"Organization","@id":"https:\/\/pppopoczno.pl\/#organization","name":"Poradnia Psychologiczno-Pedagogiczna w Opocznie z fili\u0105 w Drzewicy","url":"https:\/\/pppopoczno.pl\/","logo":{"@type":"ImageObject","inLanguage":"pl-PL","@id":"https:\/\/pppopoczno.pl\/#\/schema\/logo\/image\/","url":"","contentUrl":"","caption":"Poradnia Psychologiczno-Pedagogiczna w Opocznie z fili\u0105 w Drzewicy"},"image":{"@id":"https:\/\/pppopoczno.pl\/#\/schema\/logo\/image\/"}}]}},"_links":{"self":[{"href":"https:\/\/pppopoczno.pl\/index.php?rest_route=\/wp\/v2\/pages\/21","targetHints":{"allow":["GET"]}}],"collection":[{"href":"https:\/\/pppopoczno.pl\/index.php?rest_route=\/wp\/v2\/pages"}],"about":[{"href":"https:\/\/pppopoczno.pl\/index.php?rest_route=\/wp\/v2\/types\/page"}],"author":[{"embeddable":true,"href":"https:\/\/pppopoczno.pl\/index.php?rest_route=\/wp\/v2\/users\/1"}],"replies":[{"embeddable":true,"href":"https:\/\/pppopoczno.pl\/index.php?rest_route=%2Fwp%2Fv2%2Fcomments&post=21"}],"version-history":[{"count":20,"href":"https:\/\/pppopoczno.pl\/index.php?rest_route=\/wp\/v2\/pages\/21\/revisions"}],"predecessor-version":[{"id":1095,"href":"https:\/\/pppopoczno.pl\/index.php?rest_route=\/wp\/v2\/pages\/21\/revisions\/1095"}],"up":[{"embeddable":true,"href":"https:\/\/pppopoczno.pl\/index.php?rest_route=\/wp\/v2\/pages\/17"}],"wp:attachment":[{"href":"https:\/\/pppopoczno.pl\/index.php?rest_route=%2Fwp%2Fv2%2Fmedia&parent=21"}],"curies":[{"name":"wp","href":"https:\/\/api.w.org\/{rel}","templated":true}]}}