{"id":158,"date":"2023-02-08T14:56:19","date_gmt":"2023-02-08T13:56:19","guid":{"rendered":"http:\/\/pppopoczno.pl\/?page_id=158"},"modified":"2023-02-13T13:51:16","modified_gmt":"2023-02-13T12:51:16","slug":"przydatne-adresy","status":"publish","type":"page","link":"https:\/\/pppopoczno.pl\/?page_id=158","title":{"rendered":"Przydatne adresy"},"content":{"rendered":"<p><strong>Miejsko-Gminny O\u015brodek Pomocy Spo\u0142ecznej<\/strong><\/p>\n<p>ul. Adama Mickiewicza 2a<\/p>\n<p>26-300 Opoczno<\/p>\n<p>tel. 44 755 24 93\u00a0&#8211; pok. nr 14<\/p>\n<p>mail: <a href=\"mailto:mgops@ops.opoczno.pl\">mgops@ops.opoczno.pl<\/a><\/p>\n<p><a href=\"http:\/\/ops.opoczno.pl\/\">http:\/\/ops.opoczno.pl\/<\/a><\/p>\n<p>&nbsp;<\/p>\n<p><strong>Miejsko-Gminny O\u015brodek Pomocy Spo\u0142ecznej<\/strong><\/p>\n<p>ul. Stanis\u0142awa Staszica 22<\/p>\n<p>26-340 Drzewica<\/p>\n<p>tel. 48 375 66 31<\/p>\n<p><a href=\"https:\/\/www.mgops.drzewica.pl\/\">https:\/\/www.mgops.drzewica.pl\/<\/a><\/p>\n<p>&nbsp;<\/p>\n<p><strong>Powiatowe Centrum Pomocy Rodzinie <\/strong><\/p>\n<p>ul. Kwiatowa 1A<\/p>\n<p>26-300 Opoczno<\/p>\n<p>tel\/fax 44-736-14-64<\/p>\n<p>mail: <a href=\"mailto:sekretariat@pcpropoczno.pl\">sekretariat@pcpropoczno.pl<\/a><\/p>\n<p><a href=\"http:\/\/pcpropoczno.pl\/\">http:\/\/pcpropoczno.pl\/<\/a><\/p>\n<p>&nbsp;<\/p>\n<p><strong>O\u015brodek \u015arodowiskowej Opieki Psychologicznej i Psychoterapeutycznej dla Dzieci i M\u0142odzie\u017cy<\/strong><\/p>\n<p>ul. Armii Krajowej 2<\/p>\n<p>26-300 Opoczno<\/p>\n<p>tel. 41 344 87 53\u00a0 wew. 5<\/p>\n<p>tel. 504\u00a0813 253<\/p>\n","protected":false},"excerpt":{"rendered":"<p>Miejsko-Gminny O\u015brodek Pomocy Spo\u0142ecznej ul. Adama Mickiewicza 2a 26-300 Opoczno tel. 44 755 24 93\u00a0&#8211; pok. nr 14 mail: mgops@ops.opoczno.pl http:\/\/ops.opoczno.pl\/ &nbsp; Miejsko-Gminny O\u015brodek Pomocy Spo\u0142ecznej ul. Stanis\u0142awa Staszica 22 26-340 Drzewica tel. 48 375 66 31 https:\/\/www.mgops.drzewica.pl\/ &nbsp; Powiatowe Centrum Pomocy Rodzinie ul. Kwiatowa 1A 26-300 Opoczno tel\/fax 44-736-14-64 mail: sekretariat@pcpropoczno.pl http:\/\/pcpropoczno.pl\/ &nbsp; O\u015brodek [&hellip;]<\/p>\n","protected":false},"author":1,"featured_media":0,"parent":154,"menu_order":2,"comment_status":"closed","ping_status":"closed","template":"","meta":{"footnotes":""},"class_list":["post-158","page","type-page","status-publish","hentry"],"yoast_head":"<!-- This site is optimized with the Yoast SEO plugin v26.0 - https:\/\/yoast.com\/wordpress\/plugins\/seo\/ -->\n<title>Przydatne adresy - Poradnia Psychologiczno-Pedagogiczna w Opocznie z fili\u0105 w Drzewicy<\/title>\n<meta name=\"robots\" content=\"index, follow, max-snippet:-1, max-image-preview:large, max-video-preview:-1\" \/>\n<link rel=\"canonical\" href=\"https:\/\/pppopoczno.pl\/?page_id=158\" \/>\n<meta property=\"og:locale\" content=\"pl_PL\" \/>\n<meta property=\"og:type\" content=\"article\" \/>\n<meta property=\"og:title\" content=\"Przydatne adresy - Poradnia Psychologiczno-Pedagogiczna w Opocznie z fili\u0105 w Drzewicy\" \/>\n<meta property=\"og:description\" content=\"Miejsko-Gminny O\u015brodek Pomocy Spo\u0142ecznej ul. Adama Mickiewicza 2a 26-300 Opoczno tel. 44 755 24 93\u00a0&#8211; pok. nr 14 mail: mgops@ops.opoczno.pl http:\/\/ops.opoczno.pl\/ &nbsp; Miejsko-Gminny O\u015brodek Pomocy Spo\u0142ecznej ul. Stanis\u0142awa Staszica 22 26-340 Drzewica tel. 48 375 66 31 https:\/\/www.mgops.drzewica.pl\/ &nbsp; Powiatowe Centrum Pomocy Rodzinie ul. Kwiatowa 1A 26-300 Opoczno tel\/fax 44-736-14-64 mail: sekretariat@pcpropoczno.pl http:\/\/pcpropoczno.pl\/ &nbsp; O\u015brodek [&hellip;]\" \/>\n<meta property=\"og:url\" content=\"https:\/\/pppopoczno.pl\/?page_id=158\" \/>\n<meta property=\"og:site_name\" content=\"Poradnia Psychologiczno-Pedagogiczna w Opocznie z fili\u0105 w Drzewicy\" \/>\n<meta property=\"article:modified_time\" content=\"2023-02-13T12:51:16+00:00\" \/>\n<meta name=\"twitter:card\" content=\"summary_large_image\" \/>\n<meta name=\"twitter:label1\" content=\"Szacowany czas czytania\" \/>\n\t<meta name=\"twitter:data1\" content=\"1 minuta\" \/>\n<script type=\"application\/ld+json\" class=\"yoast-schema-graph\">{\"@context\":\"https:\/\/schema.org\",\"@graph\":[{\"@type\":\"WebPage\",\"@id\":\"https:\/\/pppopoczno.pl\/?page_id=158\",\"url\":\"https:\/\/pppopoczno.pl\/?page_id=158\",\"name\":\"Przydatne adresy - Poradnia Psychologiczno-Pedagogiczna w Opocznie z fili\u0105 w Drzewicy\",\"isPartOf\":{\"@id\":\"https:\/\/pppopoczno.pl\/#website\"},\"datePublished\":\"2023-02-08T13:56:19+00:00\",\"dateModified\":\"2023-02-13T12:51:16+00:00\",\"breadcrumb\":{\"@id\":\"https:\/\/pppopoczno.pl\/?page_id=158#breadcrumb\"},\"inLanguage\":\"pl-PL\",\"potentialAction\":[{\"@type\":\"ReadAction\",\"target\":[\"https:\/\/pppopoczno.pl\/?page_id=158\"]}]},{\"@type\":\"BreadcrumbList\",\"@id\":\"https:\/\/pppopoczno.pl\/?page_id=158#breadcrumb\",\"itemListElement\":[{\"@type\":\"ListItem\",\"position\":1,\"name\":\"GDZIE SZUKA\u0106 POMOCY?\",\"item\":\"https:\/\/pppopoczno.pl\/?page_id=154\"},{\"@type\":\"ListItem\",\"position\":2,\"name\":\"Przydatne adresy\"}]},{\"@type\":\"WebSite\",\"@id\":\"https:\/\/pppopoczno.pl\/#website\",\"url\":\"https:\/\/pppopoczno.pl\/\",\"name\":\"Poradnia Psychologiczno-Pedagogiczna w Opocznie z fili\u0105 w Drzewicy\",\"description\":\"&quot;Cz\u0142owiek jest tyle wart, ile mo\u017ce da\u0107 drugiemu cz\u0142owiekowi&quot; \u2013 Jan Pawe\u0142 II\",\"publisher\":{\"@id\":\"https:\/\/pppopoczno.pl\/#organization\"},\"potentialAction\":[{\"@type\":\"SearchAction\",\"target\":{\"@type\":\"EntryPoint\",\"urlTemplate\":\"https:\/\/pppopoczno.pl\/?s={search_term_string}\"},\"query-input\":{\"@type\":\"PropertyValueSpecification\",\"valueRequired\":true,\"valueName\":\"search_term_string\"}}],\"inLanguage\":\"pl-PL\"},{\"@type\":\"Organization\",\"@id\":\"https:\/\/pppopoczno.pl\/#organization\",\"name\":\"Poradnia Psychologiczno-Pedagogiczna w Opocznie z fili\u0105 w Drzewicy\",\"url\":\"https:\/\/pppopoczno.pl\/\",\"logo\":{\"@type\":\"ImageObject\",\"inLanguage\":\"pl-PL\",\"@id\":\"https:\/\/pppopoczno.pl\/#\/schema\/logo\/image\/\",\"url\":\"\",\"contentUrl\":\"\",\"caption\":\"Poradnia Psychologiczno-Pedagogiczna w Opocznie z fili\u0105 w Drzewicy\"},\"image\":{\"@id\":\"https:\/\/pppopoczno.pl\/#\/schema\/logo\/image\/\"}}]}<\/script>\n<!-- \/ Yoast SEO plugin. -->","yoast_head_json":{"title":"Przydatne adresy - Poradnia Psychologiczno-Pedagogiczna w Opocznie z fili\u0105 w Drzewicy","robots":{"index":"index","follow":"follow","max-snippet":"max-snippet:-1","max-image-preview":"max-image-preview:large","max-video-preview":"max-video-preview:-1"},"canonical":"https:\/\/pppopoczno.pl\/?page_id=158","og_locale":"pl_PL","og_type":"article","og_title":"Przydatne adresy - Poradnia Psychologiczno-Pedagogiczna w Opocznie z fili\u0105 w Drzewicy","og_description":"Miejsko-Gminny O\u015brodek Pomocy Spo\u0142ecznej ul. Adama Mickiewicza 2a 26-300 Opoczno tel. 44 755 24 93\u00a0&#8211; pok. nr 14 mail: mgops@ops.opoczno.pl http:\/\/ops.opoczno.pl\/ &nbsp; Miejsko-Gminny O\u015brodek Pomocy Spo\u0142ecznej ul. Stanis\u0142awa Staszica 22 26-340 Drzewica tel. 48 375 66 31 https:\/\/www.mgops.drzewica.pl\/ &nbsp; Powiatowe Centrum Pomocy Rodzinie ul. Kwiatowa 1A 26-300 Opoczno tel\/fax 44-736-14-64 mail: sekretariat@pcpropoczno.pl http:\/\/pcpropoczno.pl\/ &nbsp; O\u015brodek [&hellip;]","og_url":"https:\/\/pppopoczno.pl\/?page_id=158","og_site_name":"Poradnia Psychologiczno-Pedagogiczna w Opocznie z fili\u0105 w Drzewicy","article_modified_time":"2023-02-13T12:51:16+00:00","twitter_card":"summary_large_image","twitter_misc":{"Szacowany czas czytania":"1 minuta"},"schema":{"@context":"https:\/\/schema.org","@graph":[{"@type":"WebPage","@id":"https:\/\/pppopoczno.pl\/?page_id=158","url":"https:\/\/pppopoczno.pl\/?page_id=158","name":"Przydatne adresy - Poradnia Psychologiczno-Pedagogiczna w Opocznie z fili\u0105 w Drzewicy","isPartOf":{"@id":"https:\/\/pppopoczno.pl\/#website"},"datePublished":"2023-02-08T13:56:19+00:00","dateModified":"2023-02-13T12:51:16+00:00","breadcrumb":{"@id":"https:\/\/pppopoczno.pl\/?page_id=158#breadcrumb"},"inLanguage":"pl-PL","potentialAction":[{"@type":"ReadAction","target":["https:\/\/pppopoczno.pl\/?page_id=158"]}]},{"@type":"BreadcrumbList","@id":"https:\/\/pppopoczno.pl\/?page_id=158#breadcrumb","itemListElement":[{"@type":"ListItem","position":1,"name":"GDZIE SZUKA\u0106 POMOCY?","item":"https:\/\/pppopoczno.pl\/?page_id=154"},{"@type":"ListItem","position":2,"name":"Przydatne adresy"}]},{"@type":"WebSite","@id":"https:\/\/pppopoczno.pl\/#website","url":"https:\/\/pppopoczno.pl\/","name":"Poradnia Psychologiczno-Pedagogiczna w Opocznie z fili\u0105 w Drzewicy","description":"&quot;Cz\u0142owiek jest tyle wart, ile mo\u017ce da\u0107 drugiemu cz\u0142owiekowi&quot; \u2013 Jan Pawe\u0142 II","publisher":{"@id":"https:\/\/pppopoczno.pl\/#organization"},"potentialAction":[{"@type":"SearchAction","target":{"@type":"EntryPoint","urlTemplate":"https:\/\/pppopoczno.pl\/?s={search_term_string}"},"query-input":{"@type":"PropertyValueSpecification","valueRequired":true,"valueName":"search_term_string"}}],"inLanguage":"pl-PL"},{"@type":"Organization","@id":"https:\/\/pppopoczno.pl\/#organization","name":"Poradnia Psychologiczno-Pedagogiczna w Opocznie z fili\u0105 w Drzewicy","url":"https:\/\/pppopoczno.pl\/","logo":{"@type":"ImageObject","inLanguage":"pl-PL","@id":"https:\/\/pppopoczno.pl\/#\/schema\/logo\/image\/","url":"","contentUrl":"","caption":"Poradnia Psychologiczno-Pedagogiczna w Opocznie z fili\u0105 w Drzewicy"},"image":{"@id":"https:\/\/pppopoczno.pl\/#\/schema\/logo\/image\/"}}]}},"_links":{"self":[{"href":"https:\/\/pppopoczno.pl\/index.php?rest_route=\/wp\/v2\/pages\/158","targetHints":{"allow":["GET"]}}],"collection":[{"href":"https:\/\/pppopoczno.pl\/index.php?rest_route=\/wp\/v2\/pages"}],"about":[{"href":"https:\/\/pppopoczno.pl\/index.php?rest_route=\/wp\/v2\/types\/page"}],"author":[{"embeddable":true,"href":"https:\/\/pppopoczno.pl\/index.php?rest_route=\/wp\/v2\/users\/1"}],"replies":[{"embeddable":true,"href":"https:\/\/pppopoczno.pl\/index.php?rest_route=%2Fwp%2Fv2%2Fcomments&post=158"}],"version-history":[{"count":4,"href":"https:\/\/pppopoczno.pl\/index.php?rest_route=\/wp\/v2\/pages\/158\/revisions"}],"predecessor-version":[{"id":208,"href":"https:\/\/pppopoczno.pl\/index.php?rest_route=\/wp\/v2\/pages\/158\/revisions\/208"}],"up":[{"embeddable":true,"href":"https:\/\/pppopoczno.pl\/index.php?rest_route=\/wp\/v2\/pages\/154"}],"wp:attachment":[{"href":"https:\/\/pppopoczno.pl\/index.php?rest_route=%2Fwp%2Fv2%2Fmedia&parent=158"}],"curies":[{"name":"wp","href":"https:\/\/api.w.org\/{rel}","templated":true}]}}