{"id":123,"date":"2023-02-06T11:36:49","date_gmt":"2023-02-06T10:36:49","guid":{"rendered":"http:\/\/pppopoczno.pl\/?page_id=123"},"modified":"2023-02-06T12:38:57","modified_gmt":"2023-02-06T11:38:57","slug":"opinie","status":"publish","type":"page","link":"https:\/\/pppopoczno.pl\/?page_id=123","title":{"rendered":"OPINIE"},"content":{"rendered":"<p><strong>Poradnia Psychologiczno-Pedagogiczna w Opocznie wydaje opinie w sprawach:<\/strong><\/p>\n<ul>\n<li>wcze\u015bniejszego przyj\u0119cia do szko\u0142y podstawowej,<\/li>\n<li>odroczenia rozpocz\u0119cia spe\u0142niania przez dziecko obowi\u0105zku szkolnego,<\/li>\n<li>zwolnienie z nauki drugiego j\u0119zyka obcego,<\/li>\n<li>obj\u0119cie ucznia nauk\u0105 w klasie terapeutycznej,<\/li>\n<li>dostosowania wymaga\u0144 edukacyjnych wynikaj\u0105cych z programu do indywidualnych potrzeb edukacyjnych ucznia,<\/li>\n<li>udzielenia zezwolenia na indywidualny program lub tok nauki,<\/li>\n<li>przyj\u0119cia ucznia gimnazjum do oddzia\u0142u przysposabiaj\u0105cego do pracy,<\/li>\n<li>pierwsze\u0144stwa w przyj\u0119ciu ucznia z problemami zdrowotnymi do szko\u0142y ponadgimnazjalnej,<\/li>\n<li>zezwolenia na zatrudnienie m\u0142odocianego, w celu przyuczenia do wykonywania okre\u015blonej pracy lub nauki zawodu,<\/li>\n<li>braku przeciwskaza\u0144 do wykonywania przez dziecko pracy lub innych zaj\u0119\u0107 zarobkowych,<\/li>\n<li>obj\u0119cia dziecka pomoc\u0105 psychologiczno-pedagogiczn\u0105 w przedszkolu, w szkole, w plac\u00f3wce,<\/li>\n<li>specyficznych trudno\u015bci w uczeniu si\u0119,<\/li>\n<li>i inne opinie o przebadanych.<\/li>\n<\/ul>\n<p><strong>Zasady przyjmowania wniosk\u00f3w na badania i wydawania opinii w Poradnia Psychologiczno-Pedagogicznej w Opocznie z fili\u0105 w Drzewicy.<\/strong><\/p>\n<ol>\n<li>Badania diagnostyczne prowadzone s\u0105 na pisemny wniosek rodzica\/prawnego opiekuna (formularze wniosk\u00f3w dost\u0119pne s\u0105 w sekretariacie poradni oraz na stronie internetowej poradni w zak\u0142adce pliki do pobrania na druku <strong>Wniosek rodzic\u00f3w o podj\u0119cie czynno\u015bci diagnostycznych \u2013 terapeutycznych<\/strong>).<\/li>\n<li>Wnioski rejestrowane s\u0105 w sekretariacie poradni.<\/li>\n<li>Pracownik pedagogiczny wyznacza termin rozmowy wst\u0119pnej z rodzicem\/opiekunem lub termin badania dziecka.<\/li>\n<li>W\/w terminy przekazywane s\u0105 bezpo\u015brednio przez pracownik\u00f3w pedagogicznych lub sekretariat poradni rodzicom\/opiekunom dziecka telefonicznie lub za po\u015brednictwem szko\u0142y\/przedszkola.<\/li>\n<li>W terminie 30 dni od daty wype\u0142nienia wniosku o wydanie opinii dotycz\u0105cej dziecka, dokument powinien by\u0107 gotowy do odbioru w sekretariacie poradni.<\/li>\n<li>Opinie mog\u0105 odebra\u0107 rodzice\/opiekunowie lub upowa\u017cnione (pisemnie) przez nich osoby pe\u0142noletnie.<\/li>\n<li>Odbi\u00f3r opinii rodzice\/opiekunowie kwituj\u0105 na formularzu pozostaj\u0105cym w teczce dziecka.<\/li>\n<\/ol>\n","protected":false},"excerpt":{"rendered":"<p>Poradnia Psychologiczno-Pedagogiczna w Opocznie wydaje opinie w sprawach: wcze\u015bniejszego przyj\u0119cia do szko\u0142y podstawowej, odroczenia rozpocz\u0119cia spe\u0142niania przez dziecko obowi\u0105zku szkolnego, zwolnienie z nauki drugiego j\u0119zyka obcego, obj\u0119cie ucznia nauk\u0105 w klasie terapeutycznej, dostosowania wymaga\u0144 edukacyjnych wynikaj\u0105cych z programu do indywidualnych potrzeb edukacyjnych ucznia, udzielenia zezwolenia na indywidualny program lub tok nauki, przyj\u0119cia ucznia gimnazjum do [&hellip;]<\/p>\n","protected":false},"author":1,"featured_media":0,"parent":17,"menu_order":0,"comment_status":"closed","ping_status":"closed","template":"","meta":{"footnotes":""},"class_list":["post-123","page","type-page","status-publish","hentry"],"yoast_head":"<!-- This site is optimized with the Yoast SEO plugin v26.0 - https:\/\/yoast.com\/wordpress\/plugins\/seo\/ -->\n<title>OPINIE - Poradnia Psychologiczno-Pedagogiczna w Opocznie z fili\u0105 w Drzewicy<\/title>\n<meta name=\"robots\" content=\"index, follow, max-snippet:-1, max-image-preview:large, max-video-preview:-1\" \/>\n<link rel=\"canonical\" href=\"https:\/\/pppopoczno.pl\/?page_id=123\" \/>\n<meta property=\"og:locale\" content=\"pl_PL\" \/>\n<meta property=\"og:type\" content=\"article\" \/>\n<meta property=\"og:title\" content=\"OPINIE - Poradnia Psychologiczno-Pedagogiczna w Opocznie z fili\u0105 w Drzewicy\" \/>\n<meta property=\"og:description\" content=\"Poradnia Psychologiczno-Pedagogiczna w Opocznie wydaje opinie w sprawach: wcze\u015bniejszego przyj\u0119cia do szko\u0142y podstawowej, odroczenia rozpocz\u0119cia spe\u0142niania przez dziecko obowi\u0105zku szkolnego, zwolnienie z nauki drugiego j\u0119zyka obcego, obj\u0119cie ucznia nauk\u0105 w klasie terapeutycznej, dostosowania wymaga\u0144 edukacyjnych wynikaj\u0105cych z programu do indywidualnych potrzeb edukacyjnych ucznia, udzielenia zezwolenia na indywidualny program lub tok nauki, przyj\u0119cia ucznia gimnazjum do [&hellip;]\" \/>\n<meta property=\"og:url\" content=\"https:\/\/pppopoczno.pl\/?page_id=123\" \/>\n<meta property=\"og:site_name\" content=\"Poradnia Psychologiczno-Pedagogiczna w Opocznie z fili\u0105 w Drzewicy\" \/>\n<meta property=\"article:modified_time\" content=\"2023-02-06T11:38:57+00:00\" \/>\n<meta name=\"twitter:card\" content=\"summary_large_image\" \/>\n<meta name=\"twitter:label1\" content=\"Szacowany czas czytania\" \/>\n\t<meta name=\"twitter:data1\" content=\"2 minuty\" \/>\n<script type=\"application\/ld+json\" class=\"yoast-schema-graph\">{\"@context\":\"https:\/\/schema.org\",\"@graph\":[{\"@type\":\"WebPage\",\"@id\":\"https:\/\/pppopoczno.pl\/?page_id=123\",\"url\":\"https:\/\/pppopoczno.pl\/?page_id=123\",\"name\":\"OPINIE - Poradnia Psychologiczno-Pedagogiczna w Opocznie z fili\u0105 w Drzewicy\",\"isPartOf\":{\"@id\":\"https:\/\/pppopoczno.pl\/#website\"},\"datePublished\":\"2023-02-06T10:36:49+00:00\",\"dateModified\":\"2023-02-06T11:38:57+00:00\",\"breadcrumb\":{\"@id\":\"https:\/\/pppopoczno.pl\/?page_id=123#breadcrumb\"},\"inLanguage\":\"pl-PL\",\"potentialAction\":[{\"@type\":\"ReadAction\",\"target\":[\"https:\/\/pppopoczno.pl\/?page_id=123\"]}]},{\"@type\":\"BreadcrumbList\",\"@id\":\"https:\/\/pppopoczno.pl\/?page_id=123#breadcrumb\",\"itemListElement\":[{\"@type\":\"ListItem\",\"position\":1,\"name\":\"O PORADNI\",\"item\":\"https:\/\/pppopoczno.pl\/?page_id=17\"},{\"@type\":\"ListItem\",\"position\":2,\"name\":\"OPINIE\"}]},{\"@type\":\"WebSite\",\"@id\":\"https:\/\/pppopoczno.pl\/#website\",\"url\":\"https:\/\/pppopoczno.pl\/\",\"name\":\"Poradnia Psychologiczno-Pedagogiczna w Opocznie z fili\u0105 w Drzewicy\",\"description\":\"&quot;Cz\u0142owiek jest tyle wart, ile mo\u017ce da\u0107 drugiemu cz\u0142owiekowi&quot; \u2013 Jan Pawe\u0142 II\",\"publisher\":{\"@id\":\"https:\/\/pppopoczno.pl\/#organization\"},\"potentialAction\":[{\"@type\":\"SearchAction\",\"target\":{\"@type\":\"EntryPoint\",\"urlTemplate\":\"https:\/\/pppopoczno.pl\/?s={search_term_string}\"},\"query-input\":{\"@type\":\"PropertyValueSpecification\",\"valueRequired\":true,\"valueName\":\"search_term_string\"}}],\"inLanguage\":\"pl-PL\"},{\"@type\":\"Organization\",\"@id\":\"https:\/\/pppopoczno.pl\/#organization\",\"name\":\"Poradnia Psychologiczno-Pedagogiczna w Opocznie z fili\u0105 w Drzewicy\",\"url\":\"https:\/\/pppopoczno.pl\/\",\"logo\":{\"@type\":\"ImageObject\",\"inLanguage\":\"pl-PL\",\"@id\":\"https:\/\/pppopoczno.pl\/#\/schema\/logo\/image\/\",\"url\":\"\",\"contentUrl\":\"\",\"caption\":\"Poradnia Psychologiczno-Pedagogiczna w Opocznie z fili\u0105 w Drzewicy\"},\"image\":{\"@id\":\"https:\/\/pppopoczno.pl\/#\/schema\/logo\/image\/\"}}]}<\/script>\n<!-- \/ Yoast SEO plugin. -->","yoast_head_json":{"title":"OPINIE - Poradnia Psychologiczno-Pedagogiczna w Opocznie z fili\u0105 w Drzewicy","robots":{"index":"index","follow":"follow","max-snippet":"max-snippet:-1","max-image-preview":"max-image-preview:large","max-video-preview":"max-video-preview:-1"},"canonical":"https:\/\/pppopoczno.pl\/?page_id=123","og_locale":"pl_PL","og_type":"article","og_title":"OPINIE - Poradnia Psychologiczno-Pedagogiczna w Opocznie z fili\u0105 w Drzewicy","og_description":"Poradnia Psychologiczno-Pedagogiczna w Opocznie wydaje opinie w sprawach: wcze\u015bniejszego przyj\u0119cia do szko\u0142y podstawowej, odroczenia rozpocz\u0119cia spe\u0142niania przez dziecko obowi\u0105zku szkolnego, zwolnienie z nauki drugiego j\u0119zyka obcego, obj\u0119cie ucznia nauk\u0105 w klasie terapeutycznej, dostosowania wymaga\u0144 edukacyjnych wynikaj\u0105cych z programu do indywidualnych potrzeb edukacyjnych ucznia, udzielenia zezwolenia na indywidualny program lub tok nauki, przyj\u0119cia ucznia gimnazjum do [&hellip;]","og_url":"https:\/\/pppopoczno.pl\/?page_id=123","og_site_name":"Poradnia Psychologiczno-Pedagogiczna w Opocznie z fili\u0105 w Drzewicy","article_modified_time":"2023-02-06T11:38:57+00:00","twitter_card":"summary_large_image","twitter_misc":{"Szacowany czas czytania":"2 minuty"},"schema":{"@context":"https:\/\/schema.org","@graph":[{"@type":"WebPage","@id":"https:\/\/pppopoczno.pl\/?page_id=123","url":"https:\/\/pppopoczno.pl\/?page_id=123","name":"OPINIE - Poradnia Psychologiczno-Pedagogiczna w Opocznie z fili\u0105 w Drzewicy","isPartOf":{"@id":"https:\/\/pppopoczno.pl\/#website"},"datePublished":"2023-02-06T10:36:49+00:00","dateModified":"2023-02-06T11:38:57+00:00","breadcrumb":{"@id":"https:\/\/pppopoczno.pl\/?page_id=123#breadcrumb"},"inLanguage":"pl-PL","potentialAction":[{"@type":"ReadAction","target":["https:\/\/pppopoczno.pl\/?page_id=123"]}]},{"@type":"BreadcrumbList","@id":"https:\/\/pppopoczno.pl\/?page_id=123#breadcrumb","itemListElement":[{"@type":"ListItem","position":1,"name":"O PORADNI","item":"https:\/\/pppopoczno.pl\/?page_id=17"},{"@type":"ListItem","position":2,"name":"OPINIE"}]},{"@type":"WebSite","@id":"https:\/\/pppopoczno.pl\/#website","url":"https:\/\/pppopoczno.pl\/","name":"Poradnia Psychologiczno-Pedagogiczna w Opocznie z fili\u0105 w Drzewicy","description":"&quot;Cz\u0142owiek jest tyle wart, ile mo\u017ce da\u0107 drugiemu cz\u0142owiekowi&quot; \u2013 Jan Pawe\u0142 II","publisher":{"@id":"https:\/\/pppopoczno.pl\/#organization"},"potentialAction":[{"@type":"SearchAction","target":{"@type":"EntryPoint","urlTemplate":"https:\/\/pppopoczno.pl\/?s={search_term_string}"},"query-input":{"@type":"PropertyValueSpecification","valueRequired":true,"valueName":"search_term_string"}}],"inLanguage":"pl-PL"},{"@type":"Organization","@id":"https:\/\/pppopoczno.pl\/#organization","name":"Poradnia Psychologiczno-Pedagogiczna w Opocznie z fili\u0105 w Drzewicy","url":"https:\/\/pppopoczno.pl\/","logo":{"@type":"ImageObject","inLanguage":"pl-PL","@id":"https:\/\/pppopoczno.pl\/#\/schema\/logo\/image\/","url":"","contentUrl":"","caption":"Poradnia Psychologiczno-Pedagogiczna w Opocznie z fili\u0105 w Drzewicy"},"image":{"@id":"https:\/\/pppopoczno.pl\/#\/schema\/logo\/image\/"}}]}},"_links":{"self":[{"href":"https:\/\/pppopoczno.pl\/index.php?rest_route=\/wp\/v2\/pages\/123","targetHints":{"allow":["GET"]}}],"collection":[{"href":"https:\/\/pppopoczno.pl\/index.php?rest_route=\/wp\/v2\/pages"}],"about":[{"href":"https:\/\/pppopoczno.pl\/index.php?rest_route=\/wp\/v2\/types\/page"}],"author":[{"embeddable":true,"href":"https:\/\/pppopoczno.pl\/index.php?rest_route=\/wp\/v2\/users\/1"}],"replies":[{"embeddable":true,"href":"https:\/\/pppopoczno.pl\/index.php?rest_route=%2Fwp%2Fv2%2Fcomments&post=123"}],"version-history":[{"count":2,"href":"https:\/\/pppopoczno.pl\/index.php?rest_route=\/wp\/v2\/pages\/123\/revisions"}],"predecessor-version":[{"id":140,"href":"https:\/\/pppopoczno.pl\/index.php?rest_route=\/wp\/v2\/pages\/123\/revisions\/140"}],"up":[{"embeddable":true,"href":"https:\/\/pppopoczno.pl\/index.php?rest_route=\/wp\/v2\/pages\/17"}],"wp:attachment":[{"href":"https:\/\/pppopoczno.pl\/index.php?rest_route=%2Fwp%2Fv2%2Fmedia&parent=123"}],"curies":[{"name":"wp","href":"https:\/\/api.w.org\/{rel}","templated":true}]}}